{"id":93,"date":"2018-11-15T12:59:51","date_gmt":"2018-11-15T10:59:51","guid":{"rendered":"http:\/\/blog.modelstyle24.de\/?page_id=93"},"modified":"2018-11-15T12:59:51","modified_gmt":"2018-11-15T10:59:51","slug":"impressum","status":"publish","type":"page","link":"https:\/\/blog.modelstyle24.de\/?page_id=93","title":{"rendered":"Impressum"},"content":{"rendered":"<p>IMPRESSUM:<\/p>\n<p>Johann Kaluschke<br \/>\nLohmannstr.96<br \/>\n28215 Bremen<\/p>\n<p>Telefon: 0172 \/ 4 21 03 55<br \/>\nE-Mail: <a href=\"mailto:info@kalu-kunst.de\">info@kalu-kunst.de<\/a><\/p>\n<p>Alle auf dieser Website und der Datenbank ver\u00f6ffentlichten Bilder unterliegen dem Copyright.<br \/>\nEine weiterf\u00fchrende Nutzung ist ausdr\u00fccklich untersagt.<\/p>\n<p>Bei Interesse an einem Bild oder an weiteren Informationen senden Sie mir bitte \u00fcber das Feedback-Formular eine E-Mail, ich werde mich dann mit Ihnen in Verbindung setzen.<br \/>\nHaftungshinweis: Trotz sorgf\u00e4ltiger inhaltlicher Kontrolle \u00fcbernehmen wir keine Haftung f\u00fcr die Inhalte externer Links.<br \/>\nF\u00fcr den Inhalt der verlinkten Seiten sind ausschlie\u00dflich deren Betreiber verantwortlich.<\/p>\n","protected":false},"excerpt":{"rendered":"<p>IMPRESSUM: Johann Kaluschke Lohmannstr.96 28215 Bremen Telefon: 0172 \/ 4 21 03 55 E-Mail: info@kalu-kunst.de Alle auf dieser Website und der Datenbank ver\u00f6ffentlichten Bilder unterliegen dem Copyright. Eine weiterf\u00fchrende Nutzung ist ausdr\u00fccklich untersagt. Bei Interesse an einem Bild oder an&#8230;<\/p>\n","protected":false},"author":1,"featured_media":0,"parent":0,"menu_order":0,"comment_status":"closed","ping_status":"closed","template":"","meta":{"footnotes":""},"class_list":["post-93","page","type-page","status-publish","hentry"],"_links":{"self":[{"href":"https:\/\/blog.modelstyle24.de\/index.php?rest_route=\/wp\/v2\/pages\/93","targetHints":{"allow":["GET"]}}],"collection":[{"href":"https:\/\/blog.modelstyle24.de\/index.php?rest_route=\/wp\/v2\/pages"}],"about":[{"href":"https:\/\/blog.modelstyle24.de\/index.php?rest_route=\/wp\/v2\/types\/page"}],"author":[{"embeddable":true,"href":"https:\/\/blog.modelstyle24.de\/index.php?rest_route=\/wp\/v2\/users\/1"}],"replies":[{"embeddable":true,"href":"https:\/\/blog.modelstyle24.de\/index.php?rest_route=%2Fwp%2Fv2%2Fcomments&post=93"}],"version-history":[{"count":1,"href":"https:\/\/blog.modelstyle24.de\/index.php?rest_route=\/wp\/v2\/pages\/93\/revisions"}],"predecessor-version":[{"id":94,"href":"https:\/\/blog.modelstyle24.de\/index.php?rest_route=\/wp\/v2\/pages\/93\/revisions\/94"}],"wp:attachment":[{"href":"https:\/\/blog.modelstyle24.de\/index.php?rest_route=%2Fwp%2Fv2%2Fmedia&parent=93"}],"curies":[{"name":"wp","href":"https:\/\/api.w.org\/{rel}","templated":true}]}}